{"id":104,"date":"2023-05-19T16:59:48","date_gmt":"2023-05-19T14:59:48","guid":{"rendered":"https:\/\/conduco.eu\/es\/?page_id=104"},"modified":"2026-03-06T17:21:35","modified_gmt":"2026-03-06T16:21:35","slug":"contacto","status":"publish","type":"page","link":"https:\/\/conduco.eu\/es\/contacto\/","title":{"rendered":"Contacto"},"content":{"rendered":"<h1><span style=\"display: block;\" uk-parallax=\"x: -60; media: @m\">Contacto<\/span><\/h1>\n<p><img decoding=\"async\" src=\"\/es\/wp-content\/uploads\/2023\/05\/logo-conduco.svg\" alt=\"Noleggio con conducente conduco\"><\/p>\n<div><span class=\"text-color-green\">C<\/span>ontacto<\/div>\n<div>Si buscas un servicio VTC en Bolonia, un servicio de ch\u00f3fer privado o un alquiler de coches con conductor, est\u00e1s en el lugar adecuado. En Conduco somos profesionales del transporte privado.<\/div>\n<div>Gracias a un equipo preparado y con amplia experiencia, as\u00ed como a veh\u00edculos de calidad superior, podemos garantizar un viaje seguro, c\u00f3modo y r\u00e1pido tanto en Italia como en el extranjero. Para cualquier duda, no dudes en enviarnos un correo electr\u00f3nico; te responderemos lo antes posible. Como alternativa, puedes encontrar <a href=\"https:\/\/conduco.eu\/es\/servizi\/\" target=\"_blank\" rel=\"noopener\">todos nuestros servicios<\/a> en la p\u00e1gina dedicada.<\/div>\n<div>\n<h3>Presupuestos<\/h3>\n<div>\n<p>Para garantizar un servicio m\u00e1s r\u00e1pido y eficiente, te invitamos a enviar tus solicitudes de presupuesto directamente a trav\u00e9s de WhatsApp. Nuestro equipo estar\u00e1 encantado de proporcionarte toda la informaci\u00f3n necesaria en el menor tiempo posible.<\/p>\n<p>\n    <a href=\"https:\/\/wa.me\/393335055544\" class=\"el-content uk-button uk-button-primary phone-click\" target=\"_blank\" rel=\"noopener\">Solicita tu presupuesto por WhatsApp<\/a>\n<\/p>\n<\/div>\n<\/div>\n<p><img decoding=\"async\" src=\"\/es\/wp-content\/uploads\/2023\/05\/logo-conduco.svg\" alt=\"\"><\/p>\n<div>Via Piave n\u00b02<br \/>40033 Casalecchio di Reno (BO)<\/p>\n<p style=\"margin:0px;\">P.IVA: 03583721208<\/p>\n<\/div>\n<ul>\n<li>\n<p>\n        <a href=\"mailto:booking@conduco.eu\/es\">booking@conduco.eu\/es<\/a>\n    <\/p>\n<\/li>\n<li>\n<p>\n        <a href=\"tel:+393335055544\">+39 333 50 555 44<\/a>\n    <\/p>\n<\/li>\n<li>\n<p>\n        <a href=\"https:\/\/wa.me\/393335055544\" target=\"_blank\" rel=\"noopener\">Whatsapp<\/a>\n    <\/p>\n<\/li>\n<\/ul>\n<h2>Condiciones de cancelaci\u00f3n<\/h2>\n<div>En cuanto a los traslados desde el aeropuerto, el precio incluye 30 minutos de espera a partir de la hora de aterrizaje del vuelo o de la hora de la reserva. Transcurridos los 30 minutos, se aplicar\u00e1 la tarifa horaria correspondiente al tiempo efectivo de espera.<\/div>\n<table>\n<tbody>\n<tr>\n<td>Cancelaci\u00f3n con hasta 48 horas de antelaci\u00f3n:<\/td>\n<td>\n<p>Gratuita.<\/p>\n<\/td>\n<\/tr>\n<tr>\n<td>Cancelaci\u00f3n con hasta 24 horas de antelaci\u00f3n:<\/td>\n<td>Conlleva el pago del importe total del servicio.<\/td>\n<\/tr>\n<\/tbody>\n<\/table>\n<p><!--more--><br \/>\n<!-- {\"type\":\"layout\",\"children\":[{\"type\":\"section\",\"props\":{\"image_position\":\"center-center\",\"padding\":\"none\",\"style\":\"default\",\"title_breakpoint\":\"xl\",\"title_position\":\"top-left\",\"title_rotation\":\"left\",\"vertical_align\":\"\",\"width\":\"\"},\"children\":[{\"type\":\"row\",\"children\":[{\"type\":\"column\",\"props\":{\"image_position\":\"center-center\",\"position_sticky_breakpoint\":\"m\"},\"children\":[{\"type\":\"headline\",\"props\":{\"animation\":\"parallax\",\"content\":\"<span style=\\\"display: block;\\\" uk-parallax=\\\"x: -60; media: @m\\\">Contacto<\\\/span>\",\"parallax_x\":\"-60\",\"position\":\"relative\",\"position_top\":\"90\",\"position_z_index\":\"2\",\"title_color\":\"primary\",\"title_element\":\"h1\",\"title_style\":\"heading-xlarge\"},\"name\":\"Headline generic service page\"},{\"type\":\"image\",\"props\":{\"animation\":\"parallax\",\"id\":\"logo-service-page\",\"image\":\"wp-content\\\/uploads\\\/2023\\\/05\\\/logo-conduco.svg\",\"image_alt\":\"Noleggio con conducente conduco\",\"image_svg_color\":\"emphasis\",\"image_svg_inline\":true,\"margin\":\"default\",\"parallax_x\":\"210\",\"parallax_y\":\"40\",\"position\":\"relative\",\"position_top\":\"40\",\"position_z_index\":\"1\"},\"name\":\"Logo generic service page \"}]}],\"props\":{\"margin\":\"remove-vertical\",\"row_gap\":\"collapse\",\"width\":\"large\"}},{\"type\":\"row\",\"props\":{\"margin\":\"default\"},\"children\":[{\"type\":\"column\",\"props\":{\"image_position\":\"center-center\",\"padding\":\"xlarge\",\"position_sticky_breakpoint\":\"m\",\"video\":\"wp-content\\\/uploads\\\/2023\\\/05\\\/car_lights_-_3607-Original.mp4\"}}]}]},{\"type\":\"section\",\"props\":{\"image_position\":\"center-center\",\"style\":\"default\",\"title_breakpoint\":\"xl\",\"title_position\":\"top-left\",\"title_rotation\":\"left\",\"vertical_align\":\"\",\"width\":\"xlarge\"},\"children\":[{\"type\":\"row\",\"children\":[{\"type\":\"column\",\"props\":{\"image_position\":\"center-center\",\"position_sticky_breakpoint\":\"m\"},\"children\":[{\"type\":\"headline\",\"props\":{\"class\":\"el-from-bottom-animation\",\"content\":\"<span class=\\\"text-color-green\\\">C<\\\/span>ontacto\",\"margin_remove_bottom\":false,\"text_align\":\"left\",\"title_color\":\"emphasis\",\"title_element\":\"div\",\"title_style\":\"heading-large\"}}]}]},{\"type\":\"row\",\"props\":{\"layout\":\"1-2,1-2\"},\"children\":[{\"type\":\"column\",\"props\":{\"image_position\":\"center-center\",\"position_sticky_breakpoint\":\"m\",\"width_medium\":\"1-2\"},\"children\":[{\"type\":\"headline\",\"props\":{\"content\":\"Si buscas un servicio VTC en Bolonia, un servicio de ch\\u00f3fer privado o un alquiler de coches con conductor, est\\u00e1s en el lugar adecuado. En Conduco somos profesionales del transporte privado.\",\"title_element\":\"div\"}}]},{\"type\":\"column\",\"props\":{\"image_position\":\"center-center\",\"position_sticky_breakpoint\":\"m\",\"width_medium\":\"1-2\"},\"children\":[{\"type\":\"headline\",\"props\":{\"content\":\"Gracias a un equipo preparado y con amplia experiencia, as\\u00ed como a veh\\u00edculos de calidad superior, podemos garantizar un viaje seguro, c\\u00f3modo y r\\u00e1pido tanto en Italia como en el extranjero. Para cualquier duda, no dudes en enviarnos un correo electr\\u00f3nico; te responderemos lo antes posible. Como alternativa, puedes encontrar <a href=\\\"https:\\\/\\\/conduco.eu\\\/es\\\/servizi\\\/\\\" target=\\\"_blank\\\" rel=\\\"noopener\\\">todos nuestros servicios<\\\/a> en la p\\u00e1gina dedicada.\",\"title_element\":\"div\"}}]}]},{\"type\":\"row\",\"children\":[{\"type\":\"column\",\"props\":{\"image_position\":\"center-center\",\"position_sticky_breakpoint\":\"m\"},\"children\":[{\"type\":\"alert\",\"props\":{\"content\":\"\n\n<p>Para garantizar un servicio m\\u00e1s r\\u00e1pido y eficiente, te invitamos a enviar tus solicitudes de presupuesto directamente a trav\\u00e9s de WhatsApp. Nuestro equipo estar\\u00e1 encantado de proporcionarte toda la informaci\\u00f3n necesaria en el menor tiempo posible.<\\\/p>\\n\n\n<p>\\n    <a href=\\\"https:\\\/\\\/wa.me\\\/393335055544\\\" class=\\\"el-content uk-button uk-button-primary phone-click\\\">Solicita tu presupuesto por WhatsApp<\\\/a>\\n<\\\/p>\\n\",\"title\":\"Presupuestos\",\"title_element\":\"h3\"}}]}]}]},{\"type\":\"section\",\"props\":{\"image_position\":\"center-center\",\"padding_remove_bottom\":false,\"padding_remove_top\":false,\"style\":\"default\",\"title_breakpoint\":\"xl\",\"title_position\":\"top-left\",\"title_rotation\":\"left\",\"vertical_align\":\"\",\"width\":\"xlarge\"},\"children\":[{\"type\":\"row\",\"children\":[{\"type\":\"column\",\"props\":{\"image_position\":\"center-center\",\"position_sticky_breakpoint\":\"m\",\"vertical_align\":\"middle\"},\"children\":[{\"type\":\"image\",\"props\":{\"animation\":\"parallax\",\"class\":\"text-color-blu\",\"image\":\"wp-content\\\/uploads\\\/2023\\\/05\\\/logo-conduco.svg\",\"image_svg_color\":\"\",\"image_svg_inline\":true,\"image_width\":\"250\",\"margin\":\"default\",\"parallax_y\":\"-10 30%,1 50%\"}},{\"type\":\"headline\",\"props\":{\"class\":\"text-opacity-scrolltrigger-rotatex\",\"content\":\"Via Piave n\\u00b02<br \\\/>40033 Casalecchio di Reno (BO)<\\\/p>\\n\n\n<p style=\\\"margin:0px;\\\">P.IVA: 03583721208<\\\/p>\",\"margin_remove_bottom\":false,\"margin_remove_top\":true,\"text_align\":\"left\",\"title_element\":\"div\",\"title_style\":\"h3\"}},{\"type\":\"button\",\"props\":{\"button_size\":\"large\",\"class\":\"contact-page-button-container  uk-text-large text-opacity-scrolltrigger-rotatex\",\"fullwidth\":true,\"grid_column_gap\":\"small\",\"grid_row_gap\":\"collapse\",\"margin\":\"default\",\"margin_remove_bottom\":false,\"margin_remove_top\":false,\"text_align\":\"left\"},\"children\":[{\"type\":\"button_item\",\"props\":{\"button_style\":\"\",\"content\":\"booking@conduco.eu\\\/es\",\"dialog_layout\":\"modal\",\"dialog_offcanvas_flip\":true,\"icon\":\"antdesign-outlined--mail\",\"icon_align\":\"left\",\"link\":\"mailto:booking@conduco.eu\\\/es\",\"link_target\":\"blank\"}},{\"type\":\"button_item\",\"props\":{\"button_style\":\"\",\"content\":\"+39 333 50 555 44\",\"dialog_layout\":\"modal\",\"dialog_offcanvas_flip\":true,\"icon\":\"antdesign-outlined--phone\",\"icon_align\":\"left\",\"link\":\"tel:+393335055544\",\"link_target\":\"blank\"}},{\"type\":\"button_item\",\"props\":{\"button_style\":\"\",\"content\":\"Whatsapp\",\"dialog_layout\":\"modal\",\"dialog_offcanvas_flip\":true,\"icon\":\"antdesign-outlined--whats-app\",\"icon_align\":\"left\",\"link\":\"https:\\\/\\\/wa.me\\\/393335055544\",\"link_target\":\"blank\"}}]}]}],\"props\":{\"height\":\"viewport\",\"height_viewport\":80}}],\"name\":\"Imprint\"},{\"type\":\"section\",\"props\":{\"image_position\":\"center-center\",\"style\":\"default\",\"title_breakpoint\":\"xl\",\"title_position\":\"top-left\",\"title_rotation\":\"left\",\"vertical_align\":\"\",\"width\":\"xlarge\"},\"children\":[{\"type\":\"row\",\"props\":{\"class\":\"el-from-right-animation\"},\"children\":[{\"type\":\"column\",\"props\":{\"image_position\":\"center-center\",\"position_sticky_breakpoint\":\"m\"},\"children\":[{\"type\":\"headline\",\"props\":{\"content\":\"Condiciones de cancelaci\\u00f3n\",\"margin\":\"large\",\"margin_remove_bottom\":true,\"text_align\":\"left\",\"title_color\":\"primary\",\"title_element\":\"h2\",\"title_style\":\"h1\"}},{\"type\":\"text\",\"props\":{\"column_breakpoint\":\"m\",\"content\":\"En cuanto a los traslados desde el aeropuerto, el precio incluye 30 minutos de espera a partir de la hora de aterrizaje del vuelo o de la hora de la reserva. Transcurridos los 30 minutos, se aplicar\\u00e1 la tarifa horaria correspondiente al tiempo efectivo de espera.\",\"margin\":\"default\",\"text_align\":\"left\",\"text_color\":\"warning\"}}]}]},{\"type\":\"row\",\"props\":{\"column_gap\":\"collapse\"},\"children\":[{\"type\":\"column\",\"props\":{\"class\":\"no-padding-left-right\",\"image_position\":\"center-center\",\"position_sticky_breakpoint\":\"m\"},\"children\":[{\"name\":\"Table disdetta\",\"type\":\"table\",\"children\":[{\"type\":\"table_item\",\"props\":{\"content\":\"\n\n<p>Gratuita.<\\\/p>\",\"meta\":\"\",\"title\":\"Cancelaci\\u00f3n con hasta 48 horas de antelaci\\u00f3n:\"}},{\"type\":\"table_item\",\"props\":{\"content\":\"Conlleva el pago del importe total del servicio.\",\"meta\":\"\",\"title\":\"Cancelaci\\u00f3n con hasta 24 horas de antelaci\\u00f3n:\"}}],\"props\":{\"content_style\":\"h5\",\"image_svg_color\":\"emphasis\",\"link_size\":\"small\",\"link_style\":\"text\",\"link_text\":\"Sample\",\"meta_style\":\"text-meta\",\"show_content\":true,\"show_image\":true,\"show_link\":true,\"show_meta\":true,\"show_title\":true,\"table_hover\":true,\"table_justify\":false,\"table_last_align\":\"right\",\"table_layout\":\"1\",\"table_order\":\"1\",\"table_responsive\":\"responsive\",\"table_size\":\"small\",\"table_style\":\"striped\",\"table_vertical_align\":true,\"table_width_meta\":\"shrink\",\"table_width_title\":\"shrink\",\"title_style\":\"h4\"}}]}]}]}],\"version\":\"4.5.33\",\"yooessentialsVersion\":\"2.4.12\"} --><\/p>\n","protected":false},"excerpt":{"rendered":"<p>Contacto Contacto Si buscas un servicio VTC en Bolonia, un servicio de ch\u00f3fer privado o un alquiler de coches con conductor, est\u00e1s en el lugar adecuado. En Conduco somos profesionales del transporte privado. Gracias a un equipo preparado y con amplia experiencia, as\u00ed como a veh\u00edculos de calidad superior, podemos garantizar un viaje seguro, c\u00f3modo [&hellip;]<\/p>\n","protected":false},"author":1,"featured_media":841,"parent":0,"menu_order":0,"comment_status":"closed","ping_status":"closed","template":"","meta":{"_acf_changed":false,"footnotes":""},"class_list":["post-104","page","type-page","status-publish","has-post-thumbnail","hentry"],"acf":[],"_links":{"self":[{"href":"https:\/\/conduco.eu\/es\/wp-json\/wp\/v2\/pages\/104","targetHints":{"allow":["GET"]}}],"collection":[{"href":"https:\/\/conduco.eu\/es\/wp-json\/wp\/v2\/pages"}],"about":[{"href":"https:\/\/conduco.eu\/es\/wp-json\/wp\/v2\/types\/page"}],"author":[{"embeddable":true,"href":"https:\/\/conduco.eu\/es\/wp-json\/wp\/v2\/users\/1"}],"replies":[{"embeddable":true,"href":"https:\/\/conduco.eu\/es\/wp-json\/wp\/v2\/comments?post=104"}],"version-history":[{"count":83,"href":"https:\/\/conduco.eu\/es\/wp-json\/wp\/v2\/pages\/104\/revisions"}],"predecessor-version":[{"id":3045,"href":"https:\/\/conduco.eu\/es\/wp-json\/wp\/v2\/pages\/104\/revisions\/3045"}],"wp:featuredmedia":[{"embeddable":true,"href":"https:\/\/conduco.eu\/es\/wp-json\/wp\/v2\/media\/841"}],"wp:attachment":[{"href":"https:\/\/conduco.eu\/es\/wp-json\/wp\/v2\/media?parent=104"}],"curies":[{"name":"wp","href":"https:\/\/api.w.org\/{rel}","templated":true}]}}