{"id":472,"date":"2023-05-26T18:02:32","date_gmt":"2023-05-26T16:02:32","guid":{"rendered":"https:\/\/conduco.eu\/es\/?page_id=472"},"modified":"2026-03-06T17:41:49","modified_gmt":"2026-03-06T16:41:49","slug":"servicios-vtc","status":"publish","type":"page","link":"https:\/\/conduco.eu\/es\/servicios\/servicios-vtc\/","title":{"rendered":"Servicios VTC"},"content":{"rendered":"<div><span class=\"text-color-blu\" style=\"display: block\" uk-parallax=\"x: -60; media: @m\">Servicio <\/span><\/div>\n<div><span class=\"text-color-blu\" style=\"display: block\" uk-parallax=\"x: -60; media: @m\">Servicio<\/span><\/div>\n<div>VTC<\/div>\n<div>VTC<\/div>\n<h1>El <span class=\"text-color-green\">servicio<\/span> VTC dise\u00f1ado a tu medida.<\/h1>\n<p><img decoding=\"async\" src=\"\/es\/wp-content\/uploads\/photo-1514041181368-bca62cceffcd-scaled.jpg\" alt=\"noleggio con conducente\"><\/p>\n<div>VTC<\/div>\n<div>\n<p>El servicio VTC ha adquirido cada vez mayor popularidad en la din\u00e1mica ciudad de Bolonia, ofreciendo una alternativa distinguida y confortable frente a los medios de transporte p\u00fablicos convencionales.<\/p>\n<p>En <span class=\"text-color-green\">Conduco<\/span>, hemos puesto especial atenci\u00f3n en crear un servicio a medida para personas con movilidad reducida y familias que necesitan desplazarse dentro o fuera de la ciudad, pero que no pueden hacerlo de forma aut\u00f3noma por diversos motivos.<\/p>\n<p>A trav\u00e9s de nuestro exclusivo servicio VTC, ya no tendr\u00e1s que preocuparte por llegar a tus destinos de manera segura y sin contratiempos. Nuestra prioridad es garantizar una experiencia de viaje inigualable, en la que podr\u00e1s disfrutar de confort y fiabilidad absolutos.<\/p>\n<\/div>\n<p><img decoding=\"async\" src=\"\/es\/wp-content\/uploads\/photo-1494183585926-54aeffe9b348-scaled.jpg\" alt=\"\"><\/p>\n<h2>\u00bfPor qu\u00e9 <span class=\"text-color-green\">elegir<\/span> a <span class=\"text-color-green\">Conduco<\/span> para tu servicio <span class=\"text-color-green\">VTC<\/span>?<\/h2>\n<p><img decoding=\"async\" src=\"\/es\/wp-content\/uploads\/photo-1514041181368-bca62cceffcd-scaled.jpg\" alt=\"noleggio con conducente\"><\/p>\n<div>\n<p>La respuesta es sencilla. <a href=\"https:\/\/conduco.eu\/es\/noleggio-auto-con-conducente\/\" target=\"_blank\">Somos una empresa de Bolonia<\/a> que desde hace a\u00f1os se dedica al transporte de personas.<\/p>\n<p>Desempe\u00f1amos nuestra labor con pasi\u00f3n y profesionalidad en todo el territorio italiano y en el extranjero.<\/p>\n<p>Elegirnos como tu servicio VTC en Bolonia significa formar parte de una gran familia que cuida de sus pasajeros en todos los aspectos, acompa\u00f1\u00e1ndolos a su destino con total seguridad y confort.<\/p>\n<\/div>\n<p><img decoding=\"async\" src=\"\/es\/wp-content\/uploads\/photo-1494183585926-54aeffe9b348-scaled.jpg\" alt=\"\"><br \/>\n<img decoding=\"async\" src=\"\/es\/wp-content\/uploads\/photo-1514041181368-bca62cceffcd-scaled.jpg\" alt=\"autoblu bologna\"><\/p>\n<div>\n<p>Nuestro servicio VTC en Bolonia es sencillo y conveniente, y te permite desplazarte con facilidad tanto por el centro como fuera de \u00e9l, sin preocuparte por las c\u00e1maras de las zonas de tr\u00e1fico limitado (ZTL).<\/p>\n<p>Nuestros conductores te acompa\u00f1ar\u00e1n a tu destino con el m\u00e1ximo confort y total puntualidad.<\/p>\n<\/div>\n<p><img decoding=\"async\" src=\"\/es\/wp-content\/uploads\/photo-1494183585926-54aeffe9b348-scaled.jpg\" alt=\"\"><\/p>\n<hr>\n<div>\u00bfNecesitas un servicio personalizado? <span class=\"uk-text-primary\">Ll\u00e1manos.<\/span><\/div>\n<p><p>\n        <a href=\"tel:+393335055544\">Pulsa para llamar<\/a>\n    <\/p>\n<\/p>\n<p><img decoding=\"async\" src=\"\/es\/wp-content\/uploads\/2023\/05\/296004239_558770032655854_1618999160455620422_n.jpg\" alt=\"\"><\/p>\n<div>Descubre nuestros servicios<\/div>\n<div>\n<\/div>\n<p><!--more--><br \/>\n<!-- {\"type\":\"layout\",\"children\":[{\"type\":\"section\",\"props\":{\"header_transparent_noplaceholder\":true,\"html_element\":\"article\",\"image_position\":\"center-center\",\"image_size\":\"cover\",\"image_width\":\"2560\",\"padding\":\"none\",\"padding_remove_top\":true,\"style\":\"default\",\"title_breakpoint\":\"xl\",\"title_position\":\"top-left\",\"title_rotation\":\"left\",\"vertical_align\":\"\",\"width\":\"\"},\"children\":[{\"type\":\"row\",\"props\":{\"margin\":\"remove-vertical\",\"row_gap\":\"collapse\",\"width\":\"large\"},\"children\":[{\"type\":\"column\",\"props\":{\"image_loading\":true,\"image_position\":\"center-center\",\"image_size\":\"cover\",\"image_width\":\"2560\",\"position_sticky_breakpoint\":\"m\"},\"children\":[{\"type\":\"headline\",\"props\":{\"content\":\"<span class=\\\"text-color-blu\\\" style=\\\"display: block\\\" uk-parallax=\\\"x: -60; media: @m\\\">Servicio <\\\/span>\",\"position\":\"relative\",\"position_top\":\"90\",\"position_z_index\":\"1\",\"title_element\":\"div\",\"title_style\":\"heading-xlarge\",\"visibility\":\"m\"},\"name\":\"Headline generic service page - 03\\\/06\\\/2023\"},{\"type\":\"headline\",\"props\":{\"animation\":\"parallax\",\"content\":\"<span class=\\\"text-color-blu\\\" style=\\\"display: block\\\" uk-parallax=\\\"x: -60; media: @m\\\">Servicio<\\\/span>\",\"margin_remove_top\":true,\"parallax_x\":\"-160\",\"position\":\"relative\",\"position_top\":\"60\",\"position_z_index\":\"1\",\"title_element\":\"div\",\"title_style\":\"heading-medium\",\"visibility\":\"hidden-m\"},\"name\":\"Headline generic service page - 03\\\/06\\\/2023\"},{\"type\":\"headline\",\"props\":{\"animation\":\"parallax\",\"class\":\"headline-hero-generic-page-title\",\"content\":\"VTC\",\"margin\":\"default\",\"margin_remove_bottom\":true,\"parallax_x\":\"210\",\"parallax_y\":\"40\",\"position\":\"relative\",\"position_top\":\"40\",\"position_z_index\":\"1\",\"title_color\":\"primary\",\"title_element\":\"div\",\"title_style\":\"heading-2xlarge\",\"visibility\":\"m\"}},{\"type\":\"headline\",\"props\":{\"animation\":\"parallax\",\"class\":\"headline-hero-generic-page-title\",\"content\":\"VTC\",\"margin\":\"default\",\"margin_remove_bottom\":true,\"parallax_x\":\"210\",\"position\":\"relative\",\"position_top\":\"40\",\"position_z_index\":\"1\",\"title_color\":\"primary\",\"title_element\":\"div\",\"title_style\":\"heading-small\",\"visibility\":\"hidden-m\"}}]}]},{\"type\":\"row\",\"props\":{\"margin\":\"default\"},\"children\":[{\"type\":\"column\",\"props\":{\"image_position\":\"center-center\",\"padding\":\"xlarge\",\"position_sticky_breakpoint\":\"m\",\"video\":\"wp-content\\\/uploads\\\/2023\\\/05\\\/car_lights_-_3607-Original.mp4\"}}]}],\"name\":\"Hero\"},{\"type\":\"section\",\"props\":{\"image_position\":\"center-center\",\"style\":\"default\",\"title_breakpoint\":\"xl\",\"title_position\":\"top-left\",\"title_rotation\":\"left\",\"vertical_align\":\"\",\"width\":\"default\"},\"children\":[{\"type\":\"row\",\"children\":[{\"type\":\"column\",\"props\":{\"image_position\":\"center-center\",\"position_sticky_breakpoint\":\"m\"},\"children\":[{\"type\":\"headline\",\"props\":{\"class\":\"rude-motto-home\",\"content\":\"El <span class=\\\"text-color-green\\\">servicio<\\\/span> VTC dise\\u00f1ado a tu medida.\",\"title_element\":\"h1\"}}]}]}]},{\"type\":\"section\",\"props\":{\"image_position\":\"center-center\",\"overlap\":true,\"padding\":\"xlarge\",\"padding_remove_bottom\":true,\"style\":\"default\",\"title_breakpoint\":\"xl\",\"title_position\":\"top-left\",\"title_rotation\":\"left\",\"vertical_align\":\"\",\"width\":\"large\"},\"children\":[{\"type\":\"row\",\"props\":{\"layout\":\"2-5,3-5\"},\"children\":[{\"type\":\"column\",\"props\":{\"image_position\":\"center-center\",\"position_sticky_breakpoint\":\"m\",\"width_medium\":\"2-5\"},\"children\":[{\"type\":\"image\",\"props\":{\"animation\":\"parallax\",\"image\":\"wp-content\\\/uploads\\\/photo-1514041181368-bca62cceffcd-scaled.jpg\",\"image_alt\":\"noleggio con conducente\",\"image_svg_color\":\"emphasis\",\"margin\":\"default\",\"parallax_transform_origin\":\"bottom-center\",\"parallax_y\":\"-70\"}}]},{\"type\":\"column\",\"props\":{\"image_position\":\"center-center\",\"position_sticky_breakpoint\":\"m\",\"width_medium\":\"3-5\"}}]},{\"type\":\"row\",\"props\":{\"layout\":\"1-5,3-5,1-5\",\"width\":\"xlarge\",\"width_expand\":\"left\"},\"children\":[{\"type\":\"column\",\"props\":{\"image_position\":\"center-center\",\"position_sticky_breakpoint\":\"m\",\"width_medium\":\"1-5\"},\"children\":[{\"type\":\"headline\",\"props\":{\"animation\":\"parallax\",\"class\":\"text-rotate-90deg text-color-blu\",\"content\":\"VTC\",\"position\":\"relative\",\"position_top\":\"500\",\"position_z_index\":\"3\",\"title_element\":\"div\",\"title_style\":\"heading-xlarge\"},\"name\":\"Headline rotate by -90deg\"}]},{\"type\":\"column\",\"props\":{\"image_position\":\"center-center\",\"position_sticky_breakpoint\":\"m\",\"vertical_align\":\"middle\",\"width_medium\":\"3-5\"},\"children\":[{\"type\":\"headline\",\"props\":{\"animation\":\"parallax\",\"class\":\"text-opacity-scrolltrigger\",\"content\":\"\n\n<p>El servicio VTC ha adquirido cada vez mayor popularidad en la din\\u00e1mica ciudad de Bolonia, ofreciendo una alternativa distinguida y confortable frente a los medios de transporte p\\u00fablicos convencionales.<\\\/p>\\n\\n\n\n<p>En <span class=\\\"text-color-green\\\">Conduco<\\\/span>, hemos puesto especial atenci\\u00f3n en crear un servicio a medida para personas con movilidad reducida y familias que necesitan desplazarse dentro o fuera de la ciudad, pero que no pueden hacerlo de forma aut\\u00f3noma por diversos motivos.<\\\/p>\\n\\n\n\n<p>A trav\\u00e9s de nuestro exclusivo servicio VTC, ya no tendr\\u00e1s que preocuparte por llegar a tus destinos de manera segura y sin contratiempos. Nuestra prioridad es garantizar una experiencia de viaje inigualable, en la que podr\\u00e1s disfrutar de confort y fiabilidad absolutos.<\\\/p>\",\"parallax_y\":\"-270\",\"position\":\"relative\",\"position_z_index\":\"3\",\"title_element\":\"div\",\"title_style\":\"h2\"}}]},{\"type\":\"column\",\"props\":{\"image_position\":\"center-center\",\"position_sticky_breakpoint\":\"m\",\"width_medium\":\"1-5\"}}]},{\"type\":\"row\",\"props\":{\"layout\":\"3-5,2-5\",\"margin_remove_bottom\":true},\"children\":[{\"type\":\"column\",\"props\":{\"image_position\":\"center-center\",\"position_sticky_breakpoint\":\"m\",\"width_medium\":\"3-5\"}},{\"type\":\"column\",\"props\":{\"image_position\":\"center-center\",\"position_sticky_breakpoint\":\"m\",\"width_medium\":\"2-5\"},\"children\":[{\"type\":\"image\",\"props\":{\"animation\":\"parallax\",\"image\":\"wp-content\\\/uploads\\\/photo-1494183585926-54aeffe9b348-scaled.jpg\",\"image_svg_color\":\"emphasis\",\"margin\":\"default\",\"parallax_transform_origin\":\"bottom-center\",\"parallax_y\":\"-600\"}}]}]}]},{\"type\":\"section\",\"props\":{\"image_position\":\"center-center\",\"style\":\"secondary\",\"title_breakpoint\":\"xl\",\"title_position\":\"top-left\",\"title_rotation\":\"left\",\"vertical_align\":\"\",\"width\":\"large\"},\"children\":[{\"type\":\"row\",\"children\":[{\"type\":\"column\",\"props\":{\"image_position\":\"center-center\",\"position_sticky_breakpoint\":\"m\"},\"children\":[{\"type\":\"headline\",\"props\":{\"class\":\"rude-motto-home\",\"content\":\"\\u00bfPor qu\\u00e9 <span class=\\\"text-color-green\\\">elegir<\\\/span> a <span class=\\\"text-color-green\\\">Conduco<\\\/span> para tu servicio <span class=\\\"text-color-green\\\">VTC<\\\/span>?\",\"title_element\":\"h2\",\"title_style\":\"h1\"}}]}]}]},{\"type\":\"section\",\"props\":{\"class\":\"call-scrolltrigger-refresh\",\"image_position\":\"center-center\",\"padding_remove_bottom\":true,\"style\":\"default\",\"title_breakpoint\":\"xl\",\"title_position\":\"top-left\",\"title_rotation\":\"left\",\"vertical_align\":\"\",\"width\":\"default\"},\"children\":[{\"type\":\"row\",\"props\":{\"column_gap\":\"collapse\",\"layout\":\"2-5,3-5\",\"margin\":\"remove-vertical\",\"row_gap\":\"collapse\"},\"children\":[{\"type\":\"column\",\"props\":{\"image_position\":\"center-center\",\"position_sticky_breakpoint\":\"m\",\"width_medium\":\"2-5\"},\"children\":[{\"type\":\"image\",\"props\":{\"animation\":\"parallax\",\"image\":\"wp-content\\\/uploads\\\/photo-1514041181368-bca62cceffcd-scaled.jpg\",\"image_alt\":\"noleggio con conducente\",\"image_svg_color\":\"emphasis\",\"margin\":\"default\",\"parallax_transform_origin\":\"bottom-center\",\"parallax_y\":\"-400\",\"position\":\"relative\",\"position_top\":\"220\"}}]},{\"type\":\"column\",\"props\":{\"image_position\":\"center-center\",\"position_sticky_breakpoint\":\"m\",\"width_medium\":\"3-5\"}}]},{\"type\":\"row\",\"props\":{\"width\":\"small\"},\"children\":[{\"type\":\"column\",\"props\":{\"image_position\":\"center-center\",\"position_sticky_breakpoint\":\"m\"},\"children\":[{\"type\":\"headline\",\"props\":{\"class\":\"text-opacity-scrolltrigger\",\"content\":\"\n\n<p>La respuesta es sencilla. <a href=\\\"https:\\\/\\\/conduco.eu\\\/es\\\/noleggio-auto-con-conducente\\\/\\\" target=\\\"_blank\\\">Somos una empresa de Bolonia<\\\/a> que desde hace a\\u00f1os se dedica al transporte de personas.<\\\/p>\\n\\n\n\n<p>Desempe\\u00f1amos nuestra labor con pasi\\u00f3n y profesionalidad en todo el territorio italiano y en el extranjero.<\\\/p>\\n\\n\n\n<p>Elegirnos como tu servicio VTC en Bolonia significa formar parte de una gran familia que cuida de sus pasajeros en todos los aspectos, acompa\\u00f1\\u00e1ndolos a su destino con total seguridad y confort.<\\\/p>\",\"position\":\"relative\",\"position_z_index\":\"3\",\"title_element\":\"div\",\"title_style\":\"h2\"}}]}]},{\"type\":\"row\",\"props\":{\"layout\":\"3-5,2-5\",\"margin_remove_bottom\":true},\"children\":[{\"type\":\"column\",\"props\":{\"image_position\":\"center-center\",\"position_sticky_breakpoint\":\"m\",\"width_medium\":\"3-5\"}},{\"type\":\"column\",\"props\":{\"image_position\":\"center-center\",\"position_sticky_breakpoint\":\"m\",\"width_medium\":\"2-5\"},\"children\":[{\"type\":\"image\",\"props\":{\"animation\":\"parallax\",\"image\":\"wp-content\\\/uploads\\\/photo-1494183585926-54aeffe9b348-scaled.jpg\",\"image_svg_color\":\"emphasis\",\"margin\":\"default\",\"parallax_transform_origin\":\"bottom-center\",\"parallax_y\":\"-1200\",\"position\":\"relative\",\"position_z_index\":\"1\"}}]}]},{\"type\":\"row\",\"props\":{\"column_gap\":\"collapse\",\"layout\":\"2-5,3-5\",\"margin\":\"remove-vertical\",\"row_gap\":\"collapse\"},\"children\":[{\"type\":\"column\",\"props\":{\"image_position\":\"center-center\",\"position_sticky_breakpoint\":\"m\",\"width_medium\":\"2-5\"},\"children\":[{\"type\":\"image\",\"props\":{\"animation\":\"parallax\",\"image\":\"wp-content\\\/uploads\\\/photo-1514041181368-bca62cceffcd-scaled.jpg\",\"image_alt\":\"autoblu bologna\",\"image_svg_color\":\"emphasis\",\"margin\":\"default\",\"parallax_transform_origin\":\"bottom-center\",\"parallax_y\":\"-400\",\"position\":\"relative\",\"position_top\":\"220\"}}]},{\"type\":\"column\",\"props\":{\"image_position\":\"center-center\",\"position_sticky_breakpoint\":\"m\",\"width_medium\":\"3-5\"}}]},{\"type\":\"row\",\"props\":{\"width\":\"small\"},\"children\":[{\"type\":\"column\",\"props\":{\"image_position\":\"center-center\",\"position_sticky_breakpoint\":\"m\"},\"children\":[{\"type\":\"headline\",\"props\":{\"class\":\"text-opacity-scrolltrigger\",\"content\":\"\n\n<p>Nuestro servicio VTC en Bolonia es sencillo y conveniente, y te permite desplazarte con facilidad tanto por el centro como fuera de \\u00e9l, sin preocuparte por las c\\u00e1maras de las zonas de tr\\u00e1fico limitado (ZTL).<\\\/p>\\n\\n\n\n<p>Nuestros conductores te acompa\\u00f1ar\\u00e1n a tu destino con el m\\u00e1ximo confort y total puntualidad.<\\\/p>\",\"position\":\"relative\",\"position_z_index\":\"3\",\"title_element\":\"div\",\"title_style\":\"h2\"}}]}]},{\"type\":\"row\",\"props\":{\"layout\":\"3-5,2-5\",\"margin_remove_bottom\":true},\"children\":[{\"type\":\"column\",\"props\":{\"image_position\":\"center-center\",\"position_sticky_breakpoint\":\"m\",\"width_medium\":\"3-5\"}},{\"type\":\"column\",\"props\":{\"image_position\":\"center-center\",\"position_sticky_breakpoint\":\"m\",\"width_medium\":\"2-5\"},\"children\":[{\"type\":\"image\",\"props\":{\"animation\":\"parallax\",\"image\":\"wp-content\\\/uploads\\\/photo-1494183585926-54aeffe9b348-scaled.jpg\",\"image_svg_color\":\"emphasis\",\"margin\":\"default\",\"parallax_transform_origin\":\"bottom-center\",\"parallax_y\":\"-1200\",\"position\":\"relative\",\"position_z_index\":\"1\"}}]}]}]},{\"type\":\"section\",\"props\":{\"image_position\":\"center-center\",\"padding\":\"large\",\"padding_remove_bottom\":true,\"style\":\"default\",\"title_breakpoint\":\"xl\",\"title_position\":\"top-left\",\"title_rotation\":\"left\",\"vertical_align\":\"\",\"width\":\"expand\"},\"children\":[{\"type\":\"row\",\"props\":{\"layout\":\"1-3,1-3,1-3\",\"margin_remove_bottom\":true},\"children\":[{\"type\":\"column\",\"props\":{\"image_position\":\"center-center\",\"position_sticky_breakpoint\":\"m\",\"width_xlarge\":\"1-4\"}},{\"type\":\"column\",\"props\":{\"image_position\":\"center-center\",\"position_sticky_breakpoint\":\"m\",\"width_medium\":\"1-3\",\"width_xlarge\":\"1-4\"},\"children\":[{\"type\":\"divider\",\"props\":{\"block_align_fallback\":\"center\",\"divider_align\":\"left\",\"divider_align_breakpoint\":\"l\",\"divider_align_fallback\":\"center\",\"divider_element\":\"hr\",\"divider_style\":\"small\"},\"name\":\"Call to Action: divider\"},{\"type\":\"headline\",\"props\":{\"content\":\"\\u00bfNecesitas un servicio personalizado? <span class=\\\"uk-text-primary\\\">Ll\\u00e1manos.<\\\/span>\",\"maxwidth\":\"medium\",\"maxwidth_breakpoint\":\"xl\",\"text_align\":\"left\",\"text_align_breakpoint\":\"l\",\"text_align_fallback\":\"center\",\"title_element\":\"div\",\"title_style\":\"h1\"},\"name\":\"Call to Action: headline\"},{\"type\":\"button\",\"props\":{\"grid_column_gap\":\"small\",\"grid_row_gap\":\"small\",\"margin\":\"default\",\"text_align\":\"left\",\"text_align_breakpoint\":\"l\",\"text_align_fallback\":\"center\"},\"children\":[{\"type\":\"button_item\",\"props\":{\"button_style\":\"primary\",\"content\":\"Pulsa para llamar\",\"dialog_layout\":\"modal\",\"dialog_offcanvas_flip\":true,\"icon_align\":\"left\",\"link\":\"tel:+393335055544\"}}],\"name\":\"Call to action: button 05\\\/06\\\/2023\"}]},{\"type\":\"column\",\"props\":{\"image_position\":\"center-center\",\"position_sticky_breakpoint\":\"m\",\"width_large\":\"expand\"},\"children\":[{\"type\":\"image\",\"props\":{\"css\":\".el-element {\\n\\tmargin-left: -20px; \\n    margin-right: -20px; \\n}\\n\\n@media (min-width: 640px) {\\n\\n    .el-element {\\n        margin-left: -30px; \\n        margin-right: -30px; \\n    }\\n    \\n}\\n\\n@media (min-width: 960px) {\\n\\n    .el-element {\\n        margin-left: -40px; \\n        margin-right: -40px; \\n    }\\n    \\n}\\n\\n@media (min-width: 1400px) {\\n\\n    .el-element {\\n        margin-left: auto; \\n        margin-right: -40px; \\n    }\\n    \\n}\",\"image\":\"wp-content\\\/uploads\\\/2023\\\/05\\\/296004239_558770032655854_1618999160455620422_n.jpg\",\"image_svg_color\":\"emphasis\",\"image_width\":\"1250\",\"margin\":\"default\"},\"name\":\"Call to Action: imagge\"}]}]}]},{\"type\":\"section\",\"props\":{\"image_position\":\"center-center\",\"style\":\"default\",\"title_breakpoint\":\"xl\",\"title_position\":\"top-left\",\"title_rotation\":\"left\",\"vertical_align\":\"\",\"width\":\"xlarge\"},\"children\":[{\"type\":\"row\",\"children\":[{\"type\":\"column\",\"props\":{\"image_position\":\"center-center\",\"position_sticky_breakpoint\":\"m\"},\"children\":[{\"type\":\"headline\",\"props\":{\"content\":\"Descubre nuestros servicios\",\"title_element\":\"div\",\"title_style\":\"h3\"}},{\"type\":\"grid\",\"props\":{\"content_column_breakpoint\":\"m\",\"css\":\"@media (min-width: 640px) and (max-width: 959px) { .el-element > * > *:nth-child(3) { display: none; } }\",\"filter_align\":\"left\",\"filter_all\":true,\"filter_grid_breakpoint\":\"m\",\"filter_grid_width\":\"auto\",\"filter_position\":\"top\",\"filter_style\":\"tab\",\"grid_default\":\"1\",\"grid_medium\":\"3\",\"grid_small\":\"2\",\"icon_width\":80,\"image_align\":\"top\",\"image_box_decoration\":\"primary\",\"image_grid_breakpoint\":\"m\",\"image_grid_width\":\"1-2\",\"image_svg_color\":\"emphasis\",\"image_transition\":\"scale-up\",\"image_width\":\"610\",\"item_animation\":true,\"lightbox_bg_close\":true,\"link_style\":\"default\",\"link_text\":\"\",\"margin\":\"medium\",\"meta_align\":\"above-title\",\"meta_color\":\"emphasis\",\"meta_element\":\"div\",\"meta_style\":\"text-meta\",\"panel_expand\":\"image\",\"panel_link\":true,\"panel_padding\":\"default\",\"parallax_easing\":\"1\",\"show_content\":true,\"show_hover_image\":true,\"show_hover_video\":true,\"show_image\":true,\"show_link\":true,\"show_meta\":true,\"show_title\":true,\"show_video\":true,\"text_align\":\"center\",\"title_align\":\"top\",\"title_element\":\"h3\",\"title_grid_breakpoint\":\"m\",\"title_grid_width\":\"1-2\",\"title_hover_style\":\"heading\",\"title_link\":false,\"title_style\":\"h4\"},\"children\":[{\"type\":\"grid_item\",\"props\":{\"content\":\"\",\"item_element\":\"article\",\"meta\":\"\",\"yooessentials_access_conditions\":[{\"type\":\"yooessentials_access_dynamic\",\"id\":\"ci_BE9B35\",\"props\":{\"condition\":\"~=\",\"condition_value\":\"Travel\",\"reversed\":false},\"source\":{\"props\":{\"value\":{\"filters\":{\"search\":\"\"},\"name\":\"title\"}}}},{\"type\":\"yooessentials_access_dynamic\",\"id\":\"ci_EC07D6\",\"props\":{\"condition\":\"~=\",\"condition_value\":\"Tra\",\"reversed\":false},\"source\":{\"props\":{\"value\":{\"filters\":{\"search\":\"\"},\"name\":\"title\"}}}},{\"type\":\"yooessentials_access_dynamic\",\"id\":\"ci_F5992D\",\"props\":{\"condition\":\"~=\",\"condition_value\":\"Pri\",\"reversed\":false},\"source\":{\"props\":{\"value\":{\"filters\":{\"search\":\"\"},\"name\":\"title\"}}}}],\"yooessentials_access_mode\":\"OR\"},\"source\":{\"query\":{\"name\":\"pages.customPages\",\"arguments\":{\"users\":[],\"users_operator\":\"IN\",\"offset\":0,\"limit\":15,\"order\":\"date\",\"order_direction\":\"DESC\"}},\"props\":{\"title\":{\"filters\":{\"search\":\"\"},\"name\":\"title\"},\"image\":{\"filters\":{\"search\":\"\"},\"name\":\"featuredImage.url\"},\"link\":{\"filters\":{\"search\":\"\"},\"name\":\"link\"}}}}],\"name\":\"Pre Footer Grid others services\"}]}]}],\"name\":\"Latest Posts\"}],\"version\":\"4.5.33\",\"yooessentialsVersion\":\"2.4.12\"} --><\/p>\n","protected":false},"excerpt":{"rendered":"<p>Servicio Servicio VTC VTC El servicio VTC dise\u00f1ado a tu medida. VTC El servicio VTC ha adquirido cada vez mayor popularidad en la din\u00e1mica ciudad de Bolonia, ofreciendo una alternativa distinguida y confortable frente a los medios de transporte p\u00fablicos convencionales. En Conduco, hemos puesto especial atenci\u00f3n en crear un servicio a medida para personas [&hellip;]<\/p>\n","protected":false},"author":1,"featured_media":370,"parent":100,"menu_order":0,"comment_status":"closed","ping_status":"closed","template":"","meta":{"_acf_changed":false,"footnotes":""},"class_list":["post-472","page","type-page","status-publish","has-post-thumbnail","hentry"],"acf":[],"_links":{"self":[{"href":"https:\/\/conduco.eu\/es\/wp-json\/wp\/v2\/pages\/472","targetHints":{"allow":["GET"]}}],"collection":[{"href":"https:\/\/conduco.eu\/es\/wp-json\/wp\/v2\/pages"}],"about":[{"href":"https:\/\/conduco.eu\/es\/wp-json\/wp\/v2\/types\/page"}],"author":[{"embeddable":true,"href":"https:\/\/conduco.eu\/es\/wp-json\/wp\/v2\/users\/1"}],"replies":[{"embeddable":true,"href":"https:\/\/conduco.eu\/es\/wp-json\/wp\/v2\/comments?post=472"}],"version-history":[{"count":49,"href":"https:\/\/conduco.eu\/es\/wp-json\/wp\/v2\/pages\/472\/revisions"}],"predecessor-version":[{"id":3042,"href":"https:\/\/conduco.eu\/es\/wp-json\/wp\/v2\/pages\/472\/revisions\/3042"}],"up":[{"embeddable":true,"href":"https:\/\/conduco.eu\/es\/wp-json\/wp\/v2\/pages\/100"}],"wp:featuredmedia":[{"embeddable":true,"href":"https:\/\/conduco.eu\/es\/wp-json\/wp\/v2\/media\/370"}],"wp:attachment":[{"href":"https:\/\/conduco.eu\/es\/wp-json\/wp\/v2\/media?parent=472"}],"curies":[{"name":"wp","href":"https:\/\/api.w.org\/{rel}","templated":true}]}}