{"id":98,"date":"2023-05-19T16:59:04","date_gmt":"2023-05-19T14:59:04","guid":{"rendered":"https:\/\/conduco.eu\/es\/?page_id=98"},"modified":"2026-03-06T17:34:34","modified_gmt":"2026-03-06T16:34:34","slug":"quienes-somos","status":"publish","type":"page","link":"https:\/\/conduco.eu\/es\/quienes-somos\/","title":{"rendered":"Qui\u00e9nes somos"},"content":{"rendered":"<p><img decoding=\"async\" src=\"\/es\/wp-content\/uploads\/2023\/05\/logo-conduco.svg\" alt=\"Noleggio con conducente bologna conduco\"><\/p>\n<div><span style=\"display: block\" uk-parallax=\"x: -60; media: @m\">Qui\u00e9nes somos<\/span>\n<\/div>\n<p><img decoding=\"async\" src=\"\/es\/wp-content\/uploads\/2023\/05\/logo-conduco.svg\" alt=\"Noleggio con conducente conduco\"><\/p>\n<div>Qui\u00e9nes somos<\/div>\n<h1><span class=\"text-color-green\">Conduco<\/span>, profesionales del servicio VTC en Bolonia<\/h1>\n<p><img decoding=\"async\" src=\"\/es\/wp-content\/uploads\/photo-1514041181368-bca62cceffcd-scaled.jpg\" alt=\"Conduco Bologna\"><\/p>\n<div>Qui\u00e9nes somos<\/div>\n<div>\n<p>Nacido con timidez pero con valent\u00eda en 2016, <span class=\"text-color-green\">Conduco<\/span> se consolid\u00f3 r\u00e1pidamente como un servicio VTC de referencia en Bolonia, en Italia y m\u00e1s all\u00e1. Hoy, gracias a nuestros conductores, expertos conocedores del territorio, podemos ofrecer un <a href=\"https:\/\/conduco.eu\/es\/servizi\/\" target=\"_blank\" rel=\"noopener\">servicio de alta calidad<\/a> a todos aquellos que depositan su confianza en nosotros.<\/p>\n<\/div>\n<div>\n<p>Nato timidamente ma coraggiosamente nel 2016, <span class=\"text-color-green\">Conduco<\/span> \u00e8 divenuto in breve un apprezzato servizio di noleggio auto con conducente su Bologna, in Italia e oltre. Oggi, grazie ai nostri autisti, esperti conoscitori del territorio, siamo in grado di offrire un <a href=\"https:\/\/conduco.eu\/es\/servizi\/\" target=\"_blank\" rel=\"noopener\">servizio di qualit\u00e0<\/a> a quanti vorranno onorarci della loro fiducia.<\/p>\n<\/div>\n<p><img decoding=\"async\" src=\"\/es\/wp-content\/uploads\/photo-1514041181368-bca62cceffcd-scaled.jpg\" alt=\"Auto con conducente\"><br \/>\n<img decoding=\"async\" src=\"\/es\/wp-content\/uploads\/photo-1494183585926-54aeffe9b348-scaled.jpg\" alt=\"Noleggio con conducente Bologna\"><\/p>\n<h2>\n<p>El servicio <span class=\"text-color-green\">VTC<\/span> de <span class=\"text-color-green\">cinco<\/span> <span class=\"text-color-green\">estrellas<\/span>.<\/p>\n<\/h2>\n<div>Il <span class=\"text-color-green\">noleggio<\/span> auto con conducente a <span class=\"text-color-green\">cinque<\/span> <span class=\"text-color-green\">stelle<\/span>.<\/div>\n<div>La persona en el centro<\/div>\n<div>Nuestra filosof\u00eda es poner a la persona en el centro, garantizando la m\u00e1xima seriedad, profesionalidad y seguridad para cualquier necesidad: desde un evento como una boda hasta un traslado desde o hacia el aeropuerto, pasando por un viaje de negocios o, simplemente, por una familia que desea ir de vacaciones al mar o a la monta\u00f1a (previa solicitud, podemos proporcionar sistemas de retenci\u00f3n infantil homologados).<\/div>\n<div>La nostra filosofia \u00e8 quella di mettere al centro la persona garantendo massima seriet\u00e0,  professionalit\u00e0 e sicurezza per qualsiasi necessit\u00e0: dall&#8217;evento matrimonio al trasferimento da o per l&#8217;Aeroporto, per un viaggio d&#8217;affari o pi\u00f9 semplicemente per una famiglia che voglia andare in vacanza al mare o in montagna (a richiesta possiamo fornire i seggiolini di sicurezza per i bambini).<\/div>\n<div>Las numerosas rese\u00f1as positivas en Google demuestran la satisfacci\u00f3n de quienes nos han elegido, haci\u00e9ndonos sentir orgullosos y cada vez m\u00e1s comprometidos con atender, en la medida de lo posible, todas sus solicitudes. Es muy importante llegar al destino, pero disfrutar del viaje tambi\u00e9n es un detalle que no debe pasarse por alto; por eso, ya sea en van o en berlina, todos a bordo, <span class=\"text-color-green\">ok<\/span>, \u00a1nos vamos!<\/div>\n<div>Le molteplici recensioni positive su Google dimostrano la soddisfazione di quanti ci hanno scelto rendendoci orgogliosi e sempre pi\u00f9 impegnati nell\u2019assecondare per quanto possibile le Vostre richieste. E\u2019 molto importante raggiungere la meta ma, anche godersi il viaggio non \u00e8 un particolare trascurabile, quindi che sia Van o berlina tutti a bordo <span class=\"text-color-green\">ok<\/span> si parte.<\/div>\n<div>Profesionalidad y seguridad<\/div>\n<hr>\n<div><a href=\"tel:+393335055544\">\u00bfNecesitas un servicio personalizado? <span class=\"uk-text-primary\">Ll\u00e1manos<\/span>.<\/a><\/div>\n<p><p>\n        <a href=\"tel:+393335055544\">Haz clic para llamar<\/a>\n    <\/p>\n<\/p>\n<p><img decoding=\"async\" src=\"\/es\/wp-content\/uploads\/2023\/05\/296004239_558770032655854_1618999160455620422_n.jpg\" alt=\"Prenota auto blu bologna\"><\/p>\n<p><!--more--><br \/>\n<!-- {\"type\":\"layout\",\"children\":[{\"type\":\"section\",\"props\":{\"header_transparent_noplaceholder\":true,\"html_element\":\"article\",\"image_position\":\"center-center\",\"image_size\":\"cover\",\"image_width\":\"2560\",\"padding\":\"none\",\"padding_remove_top\":true,\"style\":\"default\",\"title_breakpoint\":\"xl\",\"title_position\":\"top-left\",\"title_rotation\":\"left\",\"vertical_align\":\"\",\"width\":\"\"},\"children\":[{\"type\":\"row\",\"props\":{\"margin\":\"remove-vertical\",\"row_gap\":\"collapse\",\"width\":\"large\"},\"children\":[{\"type\":\"column\",\"props\":{\"image_loading\":true,\"image_position\":\"center-center\",\"image_size\":\"cover\",\"image_width\":\"2560\",\"position_sticky_breakpoint\":\"m\"},\"children\":[{\"type\":\"image\",\"props\":{\"animation\":\"parallax\",\"class\":\"logo-conduco-for-subtitle-page\",\"image\":\"wp-content\\\/uploads\\\/2023\\\/05\\\/logo-conduco.svg\",\"image_alt\":\"Noleggio con conducente bologna conduco\",\"image_height\":\"30\",\"image_svg_color\":\"emphasis\",\"image_svg_inline\":true,\"margin\":\"medium\",\"margin_remove_top\":false,\"parallax_x\":\"-60\",\"position\":\"relative\",\"position_top\":\"70\",\"position_z_index\":\"1\",\"visibility\":\"hidden-m\"},\"name\":\"Service page - logo mobile - 17\\\/03\\\/2024\"},{\"type\":\"headline\",\"props\":{\"animation\":\"parallax\",\"content\":\"<span style=\\\"display: block\\\" uk-parallax=\\\"x: -60; media: @m\\\">Qui\\u00e9nes somos<\\\/span>\\n\",\"parallax_x\":\"-60\",\"position\":\"relative\",\"position_top\":\"90\",\"position_z_index\":\"2\",\"title_color\":\"primary\",\"title_element\":\"div\",\"title_style\":\"heading-xlarge\",\"visibility\":\"m\"},\"name\":\"Hero generic page - subtitle - 03\\\/06\\\/2023\"},{\"type\":\"image\",\"props\":{\"animation\":\"parallax\",\"id\":\"logo-service-page\",\"image\":\"wp-content\\\/uploads\\\/2023\\\/05\\\/logo-conduco.svg\",\"image_alt\":\"Noleggio con conducente conduco\",\"image_svg_color\":\"emphasis\",\"image_svg_inline\":true,\"margin\":\"default\",\"parallax_x\":\"210\",\"parallax_y\":\"40\",\"position\":\"relative\",\"position_top\":\"40\",\"position_z_index\":\"1\",\"visibility\":\"m\"},\"name\":\"subtitle generic page logo\"},{\"type\":\"headline\",\"props\":{\"animation\":\"parallax\",\"class\":\"headline-hero-generic-page-title white-space-nowrap\",\"content\":\"Qui\\u00e9nes somos\",\"margin\":\"default\",\"margin_remove_bottom\":true,\"parallax_x\":\"210\",\"position\":\"relative\",\"position_top\":\"40\",\"position_z_index\":\"1\",\"title_color\":\"primary\",\"title_element\":\"div\",\"title_style\":\"heading-small\",\"visibility\":\"hidden-m\"},\"name\":\"Service page - headline 2nd row - mobile - 17\\\/03\\\/2024\"}]}]},{\"type\":\"row\",\"props\":{\"margin\":\"default\"},\"children\":[{\"type\":\"column\",\"props\":{\"image_position\":\"center-center\",\"padding\":\"xlarge\",\"position_sticky_breakpoint\":\"m\",\"video\":\"wp-content\\\/uploads\\\/2023\\\/05\\\/car_lights_-_3607-Original.mp4\"}}]}],\"name\":\"Hero\"},{\"type\":\"section\",\"props\":{\"image_position\":\"center-center\",\"style\":\"default\",\"title_breakpoint\":\"xl\",\"title_position\":\"top-left\",\"title_rotation\":\"left\",\"vertical_align\":\"\",\"width\":\"large\"},\"children\":[{\"type\":\"row\",\"children\":[{\"type\":\"column\",\"props\":{\"image_position\":\"center-center\",\"position_sticky_breakpoint\":\"m\"},\"children\":[{\"type\":\"headline\",\"props\":{\"class\":\"rude-motto-home\",\"content\":\"<span class=\\\"text-color-green\\\">Conduco<\\\/span>, profesionales del servicio VTC en Bolonia\",\"title_element\":\"h1\"},\"name\":\"Headline with text color animation - 05\\\/06\\\/2023\"}]}]}]},{\"type\":\"section\",\"props\":{\"image_position\":\"center-center\",\"overlap\":true,\"style\":\"default\",\"title_breakpoint\":\"xl\",\"title_position\":\"top-left\",\"title_rotation\":\"left\",\"vertical_align\":\"\",\"width\":\"default\"},\"children\":[{\"type\":\"row\",\"children\":[{\"type\":\"column\",\"props\":{\"image_position\":\"center-center\",\"position_sticky_breakpoint\":\"m\",\"width_medium\":\"2-5\"},\"children\":[{\"type\":\"image\",\"props\":{\"animation\":\"parallax\",\"image\":\"wp-content\\\/uploads\\\/photo-1514041181368-bca62cceffcd-scaled.jpg\",\"image_alt\":\"Conduco Bologna\",\"image_svg_color\":\"emphasis\",\"margin\":\"default\",\"parallax_transform_origin\":\"bottom-center\",\"parallax_y\":\"-70\"},\"name\":\"Service page - img left\"}]},{\"type\":\"column\",\"props\":{\"image_position\":\"center-center\",\"position_sticky_breakpoint\":\"m\",\"width_medium\":\"3-5\"}}],\"props\":{\"layout\":\"2-5,3-5\"}},{\"type\":\"row\",\"children\":[{\"type\":\"column\",\"props\":{\"image_position\":\"center-center\",\"position_sticky_breakpoint\":\"m\",\"width_medium\":\"1-5\"},\"children\":[{\"type\":\"headline\",\"props\":{\"class\":\"text-rotate-90deg text-color-blu\",\"content\":\"Qui\\u00e9nes somos\",\"position\":\"relative\",\"position_top\":\"140\",\"position_z_index\":\"3\",\"title_element\":\"div\",\"title_style\":\"heading-xlarge\"},\"name\":\"Headline rotate by -90deg\"}]},{\"type\":\"column\",\"props\":{\"image_position\":\"center-center\",\"position_sticky_breakpoint\":\"m\",\"width_medium\":\"3-5\"},\"children\":[{\"type\":\"headline\",\"props\":{\"animation\":\"parallax\",\"class\":\"text-opacity-scrolltrigger\",\"content\":\"\n\n<p>Nacido con timidez pero con valent\\u00eda en 2016, <span class=\\\"text-color-green\\\">Conduco<\\\/span> se consolid\\u00f3 r\\u00e1pidamente como un servicio VTC de referencia en Bolonia, en Italia y m\\u00e1s all\\u00e1. Hoy, gracias a nuestros conductores, expertos conocedores del territorio, podemos ofrecer un <a href=\\\"https:\\\/\\\/conduco.eu\\\/es\\\/servizi\\\/\\\" target=\\\"_blank\\\" rel=\\\"noopener\\\">servicio de alta calidad<\\\/a> a todos aquellos que depositan su confianza en nosotros.<\\\/p>\\n\",\"parallax_y\":\"-270\",\"position\":\"relative\",\"position_z_index\":\"3\",\"title_element\":\"div\",\"title_style\":\"h2\",\"visibility\":\"m\"},\"name\":\"Service page - text @visible-desktop\"},{\"type\":\"headline\",\"props\":{\"animation\":\"parallax\",\"class\":\"text-opacity-scrolltrigger\",\"content\":\"\n\n<p>Nato timidamente ma coraggiosamente nel 2016, <span class=\\\"text-color-green\\\">Conduco<\\\/span> \\u00e8 divenuto in breve un apprezzato servizio di noleggio auto con conducente su Bologna, in Italia e oltre. Oggi, grazie ai nostri autisti, esperti conoscitori del territorio, siamo in grado di offrire un <a href=\\\"https:\\\/\\\/conduco.eu\\\/es\\\/servizi\\\/\\\" target=\\\"_blank\\\" rel=\\\"noopener\\\">servizio di qualit\\u00e0<\\\/a> a quanti vorranno onorarci della loro fiducia.<\\\/p>\",\"parallax_y\":\"-270\",\"position\":\"relative\",\"position_z_index\":\"3\",\"title_element\":\"div\",\"title_style\":\"h2\",\"visibility\":\"hidden-m\"},\"name\":\"Service page - text @visible-desktop\"}]},{\"type\":\"column\",\"props\":{\"image_position\":\"center-center\",\"position_sticky_breakpoint\":\"m\",\"width_medium\":\"1-5\"}}],\"props\":{\"layout\":\"1-5,3-5,1-5\"}}]},{\"type\":\"section\",\"props\":{\"height\":\"viewport\",\"image_position\":\"center-center\",\"overlap\":false,\"padding_remove_bottom\":true,\"style\":\"default\",\"title_breakpoint\":\"xl\",\"title_position\":\"top-left\",\"title_rotation\":\"left\",\"vertical_align\":\"middle\",\"width\":\"default\"},\"children\":[{\"type\":\"row\",\"children\":[{\"type\":\"column\",\"props\":{\"image_position\":\"center-center\",\"position_sticky_breakpoint\":\"m\",\"width_medium\":\"1-5\"},\"children\":[{\"type\":\"image\",\"props\":{\"animation\":\"parallax\",\"image\":\"wp-content\\\/uploads\\\/photo-1514041181368-bca62cceffcd-scaled.jpg\",\"image_alt\":\"Auto con conducente\",\"image_svg_color\":\"emphasis\",\"margin\":\"default\",\"parallax_transform_origin\":\"bottom-center\",\"parallax_y\":\"-70\",\"position\":\"relative\",\"position_top\":\"110\"},\"name\":\"Service page - img left\"}]},{\"type\":\"column\",\"props\":{\"image_position\":\"center-center\",\"position_sticky_breakpoint\":\"m\",\"width_medium\":\"2-5\"}},{\"type\":\"column\",\"props\":{\"image_position\":\"center-center\",\"position_sticky_breakpoint\":\"m\",\"width_medium\":\"2-5\"},\"children\":[{\"type\":\"image\",\"props\":{\"animation\":\"parallax\",\"image\":\"wp-content\\\/uploads\\\/photo-1494183585926-54aeffe9b348-scaled.jpg\",\"image_alt\":\"Noleggio con conducente Bologna\",\"image_svg_color\":\"emphasis\",\"margin\":\"default\",\"parallax_transform_origin\":\"bottom-center\",\"parallax_y\":\"-600\",\"position\":\"relative\",\"position_top\":\"310\"},\"name\":\"Service page - img right\"}]}],\"props\":{\"class\":\"uk-visible@m\",\"layout\":\"1-5,3-5,1-5\"}},{\"type\":\"row\",\"props\":{\"margin\":\"default\",\"width\":\"large\"},\"children\":[{\"type\":\"column\",\"props\":{\"image_position\":\"center-center\",\"position_sticky_breakpoint\":\"m\"},\"children\":[{\"type\":\"headline\",\"props\":{\"animation\":\"parallax\",\"content\":\"\n\n<p>El servicio <span class=\\\"text-color-green\\\">VTC<\\\/span> de <span class=\\\"text-color-green\\\">cinco<\\\/span> <span class=\\\"text-color-green\\\">estrellas<\\\/span>.<\\\/p>\\n\",\"parallax_y\":\"-310\",\"position\":\"relative\",\"position_bottom\":\"190\",\"position_z_index\":\"3\",\"title_element\":\"h2\",\"title_style\":\"heading-small\",\"visibility\":\"m\"}},{\"type\":\"headline\",\"props\":{\"animation\":\"parallax\",\"content\":\"Il <span class=\\\"text-color-green\\\">noleggio<\\\/span> auto con conducente a <span class=\\\"text-color-green\\\">cinque<\\\/span> <span class=\\\"text-color-green\\\">stelle<\\\/span>.\",\"parallax_y\":\"-310\",\"position\":\"relative\",\"position_z_index\":\"3\",\"title_element\":\"div\",\"title_style\":\"heading-small\",\"visibility\":\"hidden-m\"}}]}]},{\"type\":\"row\",\"children\":[{\"type\":\"column\",\"props\":{\"image_position\":\"center-center\",\"position_sticky_breakpoint\":\"m\",\"width_medium\":\"1-5\"},\"children\":[{\"type\":\"headline\",\"props\":{\"class\":\"text-rotate-90deg opacity-0_2\",\"content\":\"La persona en el centro\",\"position\":\"relative\",\"position_top\":\"-280\",\"position_z_index\":\"1\",\"title_color\":\"muted\",\"title_element\":\"div\",\"title_style\":\"heading-medium\"},\"name\":\"Headline rotate by -90deg\"}]},{\"type\":\"column\",\"props\":{\"image_position\":\"center-center\",\"position_sticky_breakpoint\":\"m\",\"width_medium\":\"3-5\"},\"children\":[{\"type\":\"headline\",\"props\":{\"animation\":\"parallax\",\"class\":\"text-opacity-scrolltrigger\",\"content\":\"Nuestra filosof\\u00eda es poner a la persona en el centro, garantizando la m\\u00e1xima seriedad, profesionalidad y seguridad para cualquier necesidad: desde un evento como una boda hasta un traslado desde o hacia el aeropuerto, pasando por un viaje de negocios o, simplemente, por una familia que desea ir de vacaciones al mar o a la monta\\u00f1a (previa solicitud, podemos proporcionar sistemas de retenci\\u00f3n infantil homologados).\",\"parallax_y\":\"-270\",\"position\":\"relative\",\"position_z_index\":\"3\",\"title_element\":\"div\",\"title_style\":\"h2\",\"visibility\":\"m\"},\"name\":\"Service page - text @visible-desktop\"},{\"type\":\"headline\",\"props\":{\"animation\":\"parallax\",\"class\":\"text-opacity-scrolltrigger\",\"content\":\"La nostra filosofia \\u00e8 quella di mettere al centro la persona garantendo massima seriet\\u00e0,  professionalit\\u00e0 e sicurezza per qualsiasi necessit\\u00e0: dall'evento matrimonio al trasferimento da o per l'Aeroporto, per un viaggio d'affari o pi\\u00f9 semplicemente per una famiglia che voglia andare in vacanza al mare o in montagna (a richiesta possiamo fornire i seggiolini di sicurezza per i bambini).\",\"parallax_y\":\"-270\",\"position\":\"relative\",\"position_z_index\":\"3\",\"title_element\":\"div\",\"title_style\":\"h2\",\"visibility\":\"hidden-m\"},\"name\":\"Service page - text @visible-desktop\"}]},{\"type\":\"column\",\"props\":{\"image_position\":\"center-center\",\"position_sticky_breakpoint\":\"m\",\"width_medium\":\"1-5\"}}],\"props\":{\"class\":\"height-50vh\",\"layout\":\"1-5,3-5,1-5\"}}]},{\"type\":\"section\",\"props\":{\"image_position\":\"center-center\",\"overlap\":true,\"style\":\"default\",\"title_breakpoint\":\"xl\",\"title_position\":\"top-left\",\"title_rotation\":\"left\",\"vertical_align\":\"\",\"width\":\"default\"},\"children\":[{\"type\":\"row\",\"children\":[{\"type\":\"column\",\"props\":{\"image_position\":\"center-center\",\"position_sticky_breakpoint\":\"m\",\"width_medium\":\"1-5\"}},{\"type\":\"column\",\"props\":{\"image_position\":\"center-center\",\"position_sticky_breakpoint\":\"m\",\"width_medium\":\"3-5\"},\"children\":[{\"type\":\"headline\",\"props\":{\"animation\":\"parallax\",\"class\":\"text-opacity-scrolltrigger\",\"content\":\"Las numerosas rese\\u00f1as positivas en Google demuestran la satisfacci\\u00f3n de quienes nos han elegido, haci\\u00e9ndonos sentir orgullosos y cada vez m\\u00e1s comprometidos con atender, en la medida de lo posible, todas sus solicitudes. Es muy importante llegar al destino, pero disfrutar del viaje tambi\\u00e9n es un detalle que no debe pasarse por alto; por eso, ya sea en van o en berlina, todos a bordo, <span class=\\\"text-color-green\\\">ok<\\\/span>, \\u00a1nos vamos!\",\"parallax_y\":\"-270\",\"position\":\"relative\",\"position_z_index\":\"3\",\"title_element\":\"div\",\"title_style\":\"h2\",\"visibility\":\"m\"},\"name\":\"Service page - text @visible-desktop\"},{\"type\":\"headline\",\"props\":{\"animation\":\"parallax\",\"class\":\"text-opacity-scrolltrigger\",\"content\":\"Le molteplici recensioni positive su Google dimostrano la soddisfazione di quanti ci hanno scelto rendendoci orgogliosi e sempre pi\\u00f9 impegnati nell\\u2019assecondare per quanto possibile le Vostre richieste. E\\u2019 molto importante raggiungere la meta ma, anche godersi il viaggio non \\u00e8 un particolare trascurabile, quindi che sia Van o berlina tutti a bordo <span class=\\\"text-color-green\\\">ok<\\\/span> si parte.\",\"parallax_y\":\"-270\",\"position\":\"relative\",\"position_z_index\":\"3\",\"title_element\":\"div\",\"title_style\":\"h2\",\"visibility\":\"hidden-m\"},\"name\":\"Service page - text @visible-desktop\"}]},{\"type\":\"column\",\"props\":{\"class\":\"uk-visible@m\",\"image_position\":\"center-center\",\"position_sticky_breakpoint\":\"m\",\"width_medium\":\"1-5\"},\"children\":[{\"type\":\"headline\",\"props\":{\"class\":\"text-rotate-90deg opacity-0_4\",\"content\":\"Profesionalidad y seguridad\",\"position\":\"relative\",\"position_top\":\"-260\",\"position_z_index\":\"1\",\"title_color\":\"muted\",\"title_element\":\"div\",\"title_style\":\"heading-medium\"},\"name\":\"Headline rotate by -90deg\"}]}],\"props\":{\"class\":\"height-50vh\",\"layout\":\"1-5,3-5,1-5\",\"margin\":\"large\"}}]},{\"type\":\"section\",\"props\":{\"image_position\":\"center-center\",\"padding\":\"large\",\"padding_remove_bottom\":true,\"padding_remove_top\":true,\"style\":\"default\",\"title_breakpoint\":\"xl\",\"title_position\":\"top-left\",\"title_rotation\":\"left\",\"vertical_align\":\"\",\"width\":\"expand\"},\"children\":[{\"type\":\"row\",\"props\":{\"layout\":\"1-3,1-3,1-3\"},\"children\":[{\"type\":\"column\",\"props\":{\"image_position\":\"center-center\",\"position_sticky_breakpoint\":\"m\",\"width_xlarge\":\"1-4\"}},{\"type\":\"column\",\"props\":{\"image_position\":\"center-center\",\"position_sticky_breakpoint\":\"m\",\"width_medium\":\"1-3\",\"width_xlarge\":\"1-4\"},\"children\":[{\"type\":\"divider\",\"props\":{\"block_align_fallback\":\"center\",\"divider_align\":\"left\",\"divider_align_breakpoint\":\"l\",\"divider_align_fallback\":\"center\",\"divider_element\":\"hr\",\"divider_style\":\"small\"},\"name\":\"Call to Action: divider\"},{\"type\":\"headline\",\"props\":{\"content\":\"\\u00bfNecesitas un servicio personalizado? <span class=\\\"uk-text-primary\\\">Ll\\u00e1manos<\\\/span>.\",\"link\":\"tel:+393335055544\",\"maxwidth\":\"medium\",\"maxwidth_breakpoint\":\"xl\",\"text_align\":\"left\",\"text_align_breakpoint\":\"l\",\"text_align_fallback\":\"center\",\"title_element\":\"div\",\"title_style\":\"h1\"},\"name\":\"Call to Action: headline\"},{\"type\":\"button\",\"props\":{\"grid_column_gap\":\"small\",\"grid_row_gap\":\"small\",\"margin\":\"default\",\"text_align\":\"left\",\"text_align_breakpoint\":\"l\",\"text_align_fallback\":\"center\"},\"children\":[{\"type\":\"button_item\",\"props\":{\"button_style\":\"primary\",\"content\":\"Haz clic para llamar\",\"dialog_layout\":\"modal\",\"dialog_offcanvas_flip\":true,\"icon\":\"receiver\",\"icon_align\":\"left\",\"link\":\"tel:+393335055544\"}}],\"name\":\"Call to action: button 05\\\/06\\\/2023\"}]},{\"type\":\"column\",\"props\":{\"image_position\":\"center-center\",\"position_sticky_breakpoint\":\"m\",\"width_large\":\"expand\"},\"children\":[{\"type\":\"image\",\"props\":{\"css\":\".el-element {\\n\\tmargin-left: -20px; \\n    margin-right: -20px; \\n}\\n\\n@media (min-width: 640px) {\\n\\n    .el-element {\\n        margin-left: -30px; \\n        margin-right: -30px; \\n    }\\n    \\n}\\n\\n@media (min-width: 960px) {\\n\\n    .el-element {\\n        margin-left: -40px; \\n        margin-right: -40px; \\n    }\\n    \\n}\\n\\n@media (min-width: 1400px) {\\n\\n    .el-element {\\n        margin-left: auto; \\n        margin-right: -40px; \\n    }\\n    \\n}\",\"image\":\"wp-content\\\/uploads\\\/2023\\\/05\\\/296004239_558770032655854_1618999160455620422_n.jpg\",\"image_alt\":\"Prenota auto blu bologna\",\"image_svg_color\":\"emphasis\",\"image_width\":\"1250\",\"margin\":\"default\"},\"name\":\"Call to Action: imagge\"}]}]}],\"name\":\"Call to Action\"}],\"version\":\"4.5.33\",\"yooessentialsVersion\":\"2.4.12\"} --><\/p>\n","protected":false},"excerpt":{"rendered":"<p>Qui\u00e9nes somos Qui\u00e9nes somos Conduco, profesionales del servicio VTC en Bolonia Qui\u00e9nes somos Nacido con timidez pero con valent\u00eda en 2016, Conduco se consolid\u00f3 r\u00e1pidamente como un servicio VTC de referencia en Bolonia, en Italia y m\u00e1s all\u00e1. Hoy, gracias a nuestros conductores, expertos conocedores del territorio, podemos ofrecer un servicio de alta calidad a [&hellip;]<\/p>\n","protected":false},"author":1,"featured_media":870,"parent":0,"menu_order":0,"comment_status":"closed","ping_status":"closed","template":"","meta":{"_acf_changed":false,"footnotes":""},"class_list":["post-98","page","type-page","status-publish","has-post-thumbnail","hentry"],"acf":[],"_links":{"self":[{"href":"https:\/\/conduco.eu\/es\/wp-json\/wp\/v2\/pages\/98","targetHints":{"allow":["GET"]}}],"collection":[{"href":"https:\/\/conduco.eu\/es\/wp-json\/wp\/v2\/pages"}],"about":[{"href":"https:\/\/conduco.eu\/es\/wp-json\/wp\/v2\/types\/page"}],"author":[{"embeddable":true,"href":"https:\/\/conduco.eu\/es\/wp-json\/wp\/v2\/users\/1"}],"replies":[{"embeddable":true,"href":"https:\/\/conduco.eu\/es\/wp-json\/wp\/v2\/comments?post=98"}],"version-history":[{"count":95,"href":"https:\/\/conduco.eu\/es\/wp-json\/wp\/v2\/pages\/98\/revisions"}],"predecessor-version":[{"id":3047,"href":"https:\/\/conduco.eu\/es\/wp-json\/wp\/v2\/pages\/98\/revisions\/3047"}],"wp:featuredmedia":[{"embeddable":true,"href":"https:\/\/conduco.eu\/es\/wp-json\/wp\/v2\/media\/870"}],"wp:attachment":[{"href":"https:\/\/conduco.eu\/es\/wp-json\/wp\/v2\/media?parent=98"}],"curies":[{"name":"wp","href":"https:\/\/api.w.org\/{rel}","templated":true}]}}